{"id":2575,"date":"2021-05-13T23:58:38","date_gmt":"2021-05-13T21:58:38","guid":{"rendered":"https:\/\/clinicasden.com\/financiacion\/"},"modified":"2021-10-21T17:21:15","modified_gmt":"2021-10-21T15:21:15","slug":"financiacion","status":"publish","type":"page","link":"https:\/\/clinicasden.com\/ca\/financiacion\/","title":{"rendered":"Finan\u00e7ament"},"content":{"rendered":"<div class=\"wpb-content-wrapper\"><p>[vc_row css_animation=&#8221;&#8221; row_type=&#8221;row&#8221; use_row_as_full_screen_section=&#8221;no&#8221; type=&#8221;full_width&#8221; angled_section=&#8221;no&#8221; text_align=&#8221;left&#8221; background_image_as_pattern=&#8221;without_pattern&#8221; el_id=&#8221;cabecera&#8221; z_index=&#8221;&#8221; background_color=&#8221;#f6f7fb&#8221;][vc_column][qode_elements_holder number_of_columns=&#8221;two_columns&#8221; columns_proportion=&#8221;33_66&#8243;][qode_elements_holder_item vertical_alignment=&#8221;bottom&#8221; advanced_animations=&#8221;no&#8221;][vc_column_text]<\/p>\n<h1>Finan\u00e7ament<\/h1>\n<p>[\/vc_column_text][vc_column_text]Vols resultats o prefereixes preu?[\/vc_column_text][\/qode_elements_holder_item][qode_elements_holder_item advanced_animations=&#8221;no&#8221;][vc_single_image image=&#8221;2576&#8243; img_size=&#8221;full&#8221; alignment=&#8221;center&#8221; qode_css_animation=&#8221;&#8221;][\/qode_elements_holder_item][\/qode_elements_holder][\/vc_column][\/vc_row][vc_row css_animation=&#8221;&#8221; row_type=&#8221;row&#8221; use_row_as_full_screen_section=&#8221;no&#8221; type=&#8221;grid&#8221; angled_section=&#8221;no&#8221; text_align=&#8221;left&#8221; background_image_as_pattern=&#8221;without_pattern&#8221; el_id=&#8221;intro&#8221; z_index=&#8221;&#8221;][vc_column][vc_column_text]<\/p>\n<h2 style=\"text-align: center;\">Recorda que en salut el que \u00e9s barat et pot sortir molt car<\/h2>\n<p>[\/vc_column_text][vc_row_inner row_type=&#8221;row&#8221; type=&#8221;full_width&#8221; text_align=&#8221;left&#8221; css_animation=&#8221;&#8221;][vc_column_inner width=&#8221;2\/3&#8243;][vc_column_text]A la Cl\u00ednica Den treballem amb l\u2019\u00fanic objectiu d\u2019aconseguir el millor resultat i a llarg termini.<\/p>\n<p>A la nostra cl\u00ednica v\u00e9nen pacients amb tristes conseq\u00fc\u00e8ncies d\u2019haver estat tractats en centres tipus \u201clow-cost\u201d. \u00c9s molt millor, i a la llarga m\u00e9s barat, realitzar un sol tractament amb especialistes qualificats, en un centre de confian\u00e7a i amb les \u00faltimes tecnologies?<\/p>\n<p>Un lloc on s\u00e0pigues en tot moment qu\u00e8 et faran, qui t\u2019ho far\u00e0, com es far\u00e0 i on sempre t\u2019acompanyin les mateixes cares durant tot el teu tractament.<\/p>\n<p>Som conscients que a vegades els tractaments indicats pel teu cas poden suposar un esfor\u00e7 econ\u00f2mic important.<\/p>\n<p>Per aquest motiu, treballem incansablement per millorar els nostres processos, per evolucionar tecnol\u00f2gicament, per augmentar els nostres coneixements i per aconseguir que somriguis i que no hagis de tornar a passar pel mateix problema. Aquesta \u00e9s la millor de les garanties.<\/p>\n<p>A la Cl\u00ednica Den no treballem directament amb m\u00fatues, les raons s\u00f3n v\u00e0ries, per\u00f2 se centren en qu\u00e8 per nosaltres la qualitat del resultat i el benestar dels nostres pacients estan per davant de qualsevol altre aspecte.[\/vc_column_text][\/vc_column_inner][vc_column_inner width=&#8221;1\/3&#8243;][vc_empty_space height=&#8221;20px&#8221;][vc_single_image image=&#8221;2141&#8243; img_size=&#8221;full&#8221; alignment=&#8221;center&#8221; qode_css_animation=&#8221;&#8221;][\/vc_column_inner][\/vc_row_inner][vc_empty_space height=&#8221;20px&#8221;][vc_column_text]<\/p>\n<h2 style=\"text-align: center;\">El millor finan\u00e7ament!<\/h2>\n<p style=\"text-align: center;\">El nostre equip d\u2019atenci\u00f3 al pacient i d\u2019administraci\u00f3 t\u2019ajudaran en els tr\u00e0mits per poder-te beneficiar en la seva totalitat o en part, aix\u00f2 dep\u00e8n de cada asseguran\u00e7a, de la bonificaci\u00f3 adequada en cada cas.<\/p>\n<p style=\"text-align: center;\">Es poden finan\u00e7ar tots els nostres tractaments, pregunta a administraci\u00f3 i t\u2019expliquem el proc\u00e9s i tot el necessari per poder-te beneficiar del millor finan\u00e7ament.<\/p>\n<p>[\/vc_column_text][\/vc_column][\/vc_row][vc_row css_animation=&#8221;&#8221; row_type=&#8221;row&#8221; use_row_as_full_screen_section=&#8221;no&#8221; type=&#8221;grid&#8221; angled_section=&#8221;no&#8221; text_align=&#8221;left&#8221; background_image_as_pattern=&#8221;without_pattern&#8221; z_index=&#8221;&#8221; background_color=&#8221;#5996bc&#8221; background_image=&#8221;115&#8243; el_id=&#8221;cita&#8221;][vc_column width=&#8221;7\/12&#8243;][vc_column_text]Explica\u2019ns com podem ajudar-te[\/vc_column_text][vc_empty_space height=&#8221;20px&#8221;][vc_column_text]<a title=\"Ll\u00e1ma a Cl\u00ednica DEN\" href=\"tel:+34 932 18 80 80\" target=\"_blank\" rel=\"nofollow noopener\"><i class=\"fa fa-phone\"><\/i> +34 932 18 80 80<\/a>[\/vc_column_text][vc_empty_space height=&#8221;30px&#8221;]<a  itemprop=\"url\" href=\"\/ca\/contacte\/\" target=\"_self\" data-hover-color=\"#ffffff\" class=\"qbutton  white default\" style=\"color: #5996bc; \">Demana una cita informativa<\/a>[\/vc_column][vc_column width=&#8221;5\/12&#8243;][\/vc_column][\/vc_row]<\/p>\n<\/div>","protected":false},"excerpt":{"rendered":"<p>[vc_row css_animation=&#8221;&#8221; row_type=&#8221;row&#8221; use_row_as_full_screen_section=&#8221;no&#8221; type=&#8221;full_width&#8221; angled_section=&#8221;no&#8221; text_align=&#8221;left&#8221; background_image_as_pattern=&#8221;without_pattern&#8221; el_id=&#8221;cabecera&#8221; z_index=&#8221;&#8221; background_color=&#8221;#f6f7fb&#8221;][vc_column][qode_elements_holder number_of_columns=&#8221;two_columns&#8221; columns_proportion=&#8221;33_66&#8243;][qode_elements_holder_item vertical_alignment=&#8221;bottom&#8221; advanced_animations=&#8221;no&#8221;][vc_column_text] Finan\u00e7ament [\/vc_column_text][vc_column_text]Vols resultats o prefereixes preu?[\/vc_column_text][\/qode_elements_holder_item][qode_elements_holder_item advanced_animations=&#8221;no&#8221;][vc_single_image image=&#8221;2576&#8243; img_size=&#8221;full&#8221; alignment=&#8221;center&#8221; qode_css_animation=&#8221;&#8221;][\/qode_elements_holder_item][\/qode_elements_holder][\/vc_column][\/vc_row][vc_row css_animation=&#8221;&#8221; row_type=&#8221;row&#8221; use_row_as_full_screen_section=&#8221;no&#8221; type=&#8221;grid&#8221; angled_section=&#8221;no&#8221; text_align=&#8221;left&#8221; background_image_as_pattern=&#8221;without_pattern&#8221; el_id=&#8221;intro&#8221; z_index=&#8221;&#8221;][vc_column][vc_column_text] Recorda que en salut el que \u00e9s barat et pot&#8230;<\/p>\n","protected":false},"author":3,"featured_media":2731,"parent":0,"menu_order":0,"comment_status":"closed","ping_status":"closed","template":"full_width.php","meta":{"footnotes":""},"class_list":["post-2575","page","type-page","status-publish","has-post-thumbnail","hentry"],"_links":{"self":[{"href":"https:\/\/clinicasden.com\/ca\/wp-json\/wp\/v2\/pages\/2575","targetHints":{"allow":["GET"]}}],"collection":[{"href":"https:\/\/clinicasden.com\/ca\/wp-json\/wp\/v2\/pages"}],"about":[{"href":"https:\/\/clinicasden.com\/ca\/wp-json\/wp\/v2\/types\/page"}],"author":[{"embeddable":true,"href":"https:\/\/clinicasden.com\/ca\/wp-json\/wp\/v2\/users\/3"}],"replies":[{"embeddable":true,"href":"https:\/\/clinicasden.com\/ca\/wp-json\/wp\/v2\/comments?post=2575"}],"version-history":[{"count":0,"href":"https:\/\/clinicasden.com\/ca\/wp-json\/wp\/v2\/pages\/2575\/revisions"}],"wp:featuredmedia":[{"embeddable":true,"href":"https:\/\/clinicasden.com\/ca\/wp-json\/wp\/v2\/media\/2731"}],"wp:attachment":[{"href":"https:\/\/clinicasden.com\/ca\/wp-json\/wp\/v2\/media?parent=2575"}],"curies":[{"name":"wp","href":"https:\/\/api.w.org\/{rel}","templated":true}]}}