{"id":2695,"date":"2021-05-01T23:53:59","date_gmt":"2021-05-01T21:53:59","guid":{"rendered":"https:\/\/clinicasden.com\/nuestra-clinica\/"},"modified":"2022-01-26T11:07:12","modified_gmt":"2022-01-26T10:07:12","slug":"nostra-clinica","status":"publish","type":"page","link":"https:\/\/clinicasden.com\/ca\/nostra-clinica\/","title":{"rendered":"La nostra cl\u00ednica"},"content":{"rendered":"<div class=\"wpb-content-wrapper\"><p>[vc_row css_animation=&#8221;&#8221; row_type=&#8221;row&#8221; use_row_as_full_screen_section=&#8221;no&#8221; type=&#8221;full_width&#8221; angled_section=&#8221;no&#8221; text_align=&#8221;left&#8221; background_image_as_pattern=&#8221;without_pattern&#8221; el_id=&#8221;cabecera&#8221; z_index=&#8221;&#8221; background_color=&#8221;#f6f7fb&#8221;][vc_column][qode_elements_holder number_of_columns=&#8221;two_columns&#8221; columns_proportion=&#8221;33_66&#8243;][qode_elements_holder_item vertical_alignment=&#8221;bottom&#8221; advanced_animations=&#8221;no&#8221;][vc_column_text]<\/p>\n<h1>La nostra cl\u00ednica<\/h1>\n<p>[\/vc_column_text][vc_column_text]Un espai optimitzat per a la teva comoditat.[\/vc_column_text][\/qode_elements_holder_item][qode_elements_holder_item advanced_animations=&#8221;no&#8221;][vc_single_image image=&#8221;2696&#8243; img_size=&#8221;full&#8221; alignment=&#8221;center&#8221; qode_css_animation=&#8221;&#8221;][\/qode_elements_holder_item][\/qode_elements_holder][\/vc_column][\/vc_row][vc_row css_animation=&#8221;&#8221; row_type=&#8221;row&#8221; use_row_as_full_screen_section=&#8221;no&#8221; type=&#8221;grid&#8221; angled_section=&#8221;no&#8221; text_align=&#8221;left&#8221; background_image_as_pattern=&#8221;without_pattern&#8221; el_id=&#8221;video&#8221; z_index=&#8221;&#8221;][vc_column][vc_row_inner row_type=&#8221;row&#8221; type=&#8221;full_width&#8221; text_align=&#8221;left&#8221; css_animation=&#8221;&#8221;][vc_column_inner width=&#8221;1\/12&#8243;][\/vc_column_inner][vc_column_inner width=&#8221;5\/6&#8243;]<div class=\"qode_video_box\">\n\t<a itemprop=\"image\" class=\"qode_video_image\" href=\"https:\/\/youtu.be\/x-Z2Ziy1eno\" data-rel=\"prettyPhoto\" target=\"_blank\" rel=\"noopener\">\n\t\t\t\t\t<img fetchpriority=\"high\" decoding=\"async\" width=\"1061\" height=\"600\" src=\"https:\/\/clinicasden.com\/wp-content\/uploads\/2021\/05\/Clinicas-Den-Nuestras-Instalaciones-Video.jpg\" class=\"attachment-full size-full\" alt=\"Clinicas Den - Nuestras Instalaciones - Video\" srcset=\"https:\/\/clinicasden.com\/wp-content\/uploads\/2021\/05\/Clinicas-Den-Nuestras-Instalaciones-Video.jpg 1061w, https:\/\/clinicasden.com\/wp-content\/uploads\/2021\/05\/Clinicas-Den-Nuestras-Instalaciones-Video-300x170.jpg 300w, https:\/\/clinicasden.com\/wp-content\/uploads\/2021\/05\/Clinicas-Den-Nuestras-Instalaciones-Video-1024x579.jpg 1024w, https:\/\/clinicasden.com\/wp-content\/uploads\/2021\/05\/Clinicas-Den-Nuestras-Instalaciones-Video-768x434.jpg 768w, https:\/\/clinicasden.com\/wp-content\/uploads\/2021\/05\/Clinicas-Den-Nuestras-Instalaciones-Video-700x396.jpg 700w\" sizes=\"(max-width: 1061px) 100vw, 1061px\" \/>\t\t\t<span class=\"qode_video_box_button_holder\">\n\t\t\t\t<span class=\"qode_video_box_button\">\n\t\t\t\t\t<span class=\"qode_video_box_button_arrow\">\n\t\t\t\t\t<\/span>\n\t\t\t\t<\/span>\n\t\t\t<\/span>\n\t\t\t<\/a>\n<\/div>[\/vc_column_inner][vc_column_inner width=&#8221;1\/12&#8243;][\/vc_column_inner][\/vc_row_inner][vc_column_text]A la <strong>cl\u00ednica DEN<\/strong> som conscients que anar al dentista pot generar certa inquietud i nerviosisme en algunes persones. En els m\u00e9s de 400 m2 de la nostra cl\u00ednica, tots els espais estan dissenyats per aconseguir la m\u00e0xima comoditat possible per tu i el millor espai per a l\u2019\u00e8xit del nostre treball.[\/vc_column_text][\/vc_column][\/vc_row][vc_row css_animation=&#8221;&#8221; row_type=&#8221;row&#8221; use_row_as_full_screen_section=&#8221;no&#8221; type=&#8221;grid&#8221; angled_section=&#8221;no&#8221; text_align=&#8221;left&#8221; background_image_as_pattern=&#8221;without_pattern&#8221; z_index=&#8221;&#8221; background_color=&#8221;#5996bc&#8221; el_id=&#8221;imagenes1&#8243;][vc_column width=&#8221;1\/3&#8243;][vc_single_image image=&#8221;135&#8243; img_size=&#8221;full&#8221; alignment=&#8221;center&#8221; qode_css_animation=&#8221;&#8221;][\/vc_column][vc_column width=&#8221;1\/3&#8243;][vc_single_image image=&#8221;136&#8243; img_size=&#8221;full&#8221; alignment=&#8221;center&#8221; qode_css_animation=&#8221;&#8221;][\/vc_column][vc_column width=&#8221;1\/3&#8243;][vc_single_image image=&#8221;137&#8243; img_size=&#8221;full&#8221; alignment=&#8221;center&#8221; qode_css_animation=&#8221;&#8221;][\/vc_column][\/vc_row][vc_row css_animation=&#8221;&#8221; row_type=&#8221;row&#8221; use_row_as_full_screen_section=&#8221;no&#8221; type=&#8221;grid&#8221; angled_section=&#8221;no&#8221; text_align=&#8221;left&#8221; background_image_as_pattern=&#8221;without_pattern&#8221; z_index=&#8221;&#8221; background_color=&#8221;#5996bc&#8221; el_class=&#8221;texto-imagenes&#8221;][vc_column width=&#8221;1\/3&#8243;][vc_column_text]<\/p>\n<h2>Les nostres instal\u00b7lacions<\/h2>\n<p>[\/vc_column_text][vc_column_text]<\/p>\n<h3>Planta baixa<\/h3>\n<p>[\/vc_column_text][\/vc_column][vc_column width=&#8221;1\/3&#8243;][vc_column_text]Comptem amb una recepci\u00f3 situada just a l\u2019entrada de la cl\u00ednica. L\u2019espai de recepci\u00f3 consta d\u2019un desk de recepci\u00f3, una sala d\u2019espera ampla amb butaques molt c\u00f2modes que compten amb una televisi\u00f3, revistes que actualitzem cada setmana, font d\u2019aigua fresca, i servei de caf\u00e8 i te. A la mateixa planta es troba el despatx d\u2019administraci\u00f3 perqu\u00e8 tenim molt clar que la burocr\u00e0cia i la paperassa han de ser \u00e0gils i c\u00f2modes per a tu. [\/vc_column_text][\/vc_column][vc_column width=&#8221;1\/3&#8243;][vc_column_text]<span style=\"font-weight: 400;\">Tot aquest proc\u00e9s de recepci\u00f3 i administraci\u00f3 est\u00e0 molt digitalitzat i podemos fer-ho asseguts c\u00f2modament a les butaques de la sala d\u2019espera mentre esperes la visita amb l\u2019especialista. El teu temps ens preocupa perqu\u00e8 sabem que \u00e9s molt valu\u00f3s. <\/span>[\/vc_column_text][\/vc_column][\/vc_row][vc_row css_animation=&#8221;&#8221; row_type=&#8221;row&#8221; use_row_as_full_screen_section=&#8221;no&#8221; type=&#8221;grid&#8221; angled_section=&#8221;no&#8221; text_align=&#8221;left&#8221; background_image_as_pattern=&#8221;without_pattern&#8221; z_index=&#8221;&#8221; background_color=&#8221;#5996bc&#8221; el_id=&#8221;imagenes2&#8243;][vc_column width=&#8221;1\/3&#8243;][vc_single_image image=&#8221;141&#8243; img_size=&#8221;full&#8221; alignment=&#8221;center&#8221; qode_css_animation=&#8221;&#8221;][\/vc_column][vc_column width=&#8221;1\/3&#8243;][vc_single_image image=&#8221;142&#8243; img_size=&#8221;full&#8221; alignment=&#8221;center&#8221; qode_css_animation=&#8221;&#8221;][\/vc_column][vc_column width=&#8221;1\/3&#8243;][vc_single_image image=&#8221;143&#8243; img_size=&#8221;full&#8221; alignment=&#8221;center&#8221; qode_css_animation=&#8221;&#8221;][\/vc_column][\/vc_row][vc_row css_animation=&#8221;&#8221; row_type=&#8221;row&#8221; use_row_as_full_screen_section=&#8221;no&#8221; type=&#8221;grid&#8221; angled_section=&#8221;no&#8221; text_align=&#8221;left&#8221; background_image_as_pattern=&#8221;without_pattern&#8221; z_index=&#8221;&#8221; background_color=&#8221;#5996bc&#8221; el_id=&#8221;imagenes2&#8243;][vc_column width=&#8221;1\/3&#8243;][vc_single_image image=&#8221;139&#8243; img_size=&#8221;full&#8221; alignment=&#8221;center&#8221; qode_css_animation=&#8221;&#8221;][\/vc_column][vc_column width=&#8221;1\/3&#8243;][vc_single_image image=&#8221;140&#8243; img_size=&#8221;full&#8221; alignment=&#8221;center&#8221; qode_css_animation=&#8221;&#8221;][\/vc_column][vc_column width=&#8221;1\/3&#8243;][vc_single_image image=&#8221;1955&#8243; img_size=&#8221;full&#8221; alignment=&#8221;center&#8221; qode_css_animation=&#8221;&#8221;][\/vc_column][\/vc_row][vc_row css_animation=&#8221;&#8221; row_type=&#8221;row&#8221; use_row_as_full_screen_section=&#8221;no&#8221; type=&#8221;grid&#8221; angled_section=&#8221;no&#8221; text_align=&#8221;left&#8221; background_image_as_pattern=&#8221;without_pattern&#8221; z_index=&#8221;&#8221; background_color=&#8221;#5996bc&#8221; el_class=&#8221;texto-imagenes&#8221; el_id=&#8221;superior&#8221;][vc_column width=&#8221;1\/3&#8243;][vc_column_text]<\/p>\n<h3>Planta superior<\/h3>\n<p>[\/vc_column_text][\/vc_column][vc_column width=&#8221;1\/3&#8243;][vc_column_text]Hi ha dues sales d\u2019espera del mateix estil que la de la recepci\u00f3, butaques c\u00f2modes, llum agradable, televisi\u00f3, servei de caf\u00e8 i te, etc. En aquesta planta trobarem 4 boxs totalment preparats i optimitzats amb l\u2019\u00faltima tecnologia dental. [\/vc_column_text][\/vc_column][vc_column width=&#8221;1\/3&#8243;][vc_column_text]El despatx dels directors m\u00e8dics tamb\u00e9 es troba en aquesta planta. En aquest espai els directors m\u00e8dics i els especialistes t\u2019explicaran el teu cas i el tractament recomanat amb l\u2019ajuda de l\u2019\u00faltima tecnologia. [\/vc_column_text][\/vc_column][\/vc_row][vc_row css_animation=&#8221;&#8221; row_type=&#8221;row&#8221; use_row_as_full_screen_section=&#8221;no&#8221; type=&#8221;grid&#8221; angled_section=&#8221;no&#8221; text_align=&#8221;left&#8221; background_image_as_pattern=&#8221;without_pattern&#8221; z_index=&#8221;&#8221; el_id=&#8221;imagenes3&#8243;][vc_column width=&#8221;1\/3&#8243;][vc_single_image image=&#8221;1952&#8243; img_size=&#8221;full&#8221; alignment=&#8221;center&#8221; qode_css_animation=&#8221;&#8221;][\/vc_column][vc_column width=&#8221;1\/3&#8243;][vc_single_image image=&#8221;138&#8243; img_size=&#8221;full&#8221; alignment=&#8221;center&#8221; qode_css_animation=&#8221;&#8221;][\/vc_column][vc_column width=&#8221;1\/3&#8243;][vc_single_image image=&#8221;1953&#8243; img_size=&#8221;full&#8221; alignment=&#8221;center&#8221; qode_css_animation=&#8221;&#8221;][\/vc_column][\/vc_row][vc_row css_animation=&#8221;&#8221; row_type=&#8221;row&#8221; use_row_as_full_screen_section=&#8221;no&#8221; type=&#8221;grid&#8221; angled_section=&#8221;no&#8221; text_align=&#8221;left&#8221; background_image_as_pattern=&#8221;without_pattern&#8221; z_index=&#8221;&#8221; el_class=&#8221;texto-imagenes-inferior&#8221;][vc_column width=&#8221;1\/3&#8243;][vc_column_text]<\/p>\n<h3>Planta inferior<\/h3>\n<p>[\/vc_column_text][\/vc_column][vc_column width=&#8221;1\/3&#8243;][vc_column_text]Aqu\u00ed trobem una altra sala d\u2019espera totalment equipada. Tamb\u00e9 tenim una sala especial per a nens, on hi ha jocs, pintures, un coix\u00ed gegant i butaques perqu\u00e8 es posin c\u00f2modes.[\/vc_column_text][\/vc_column][vc_column width=&#8221;1\/3&#8243;][vc_column_text]En aquesta planta tenim un box totalment optimitzat amb les \u00faltimes tecnologies i una televisi\u00f3 amb dibuixos perqu\u00e8 els nens es relaxin. M\u00e9s allunyada est\u00e0 l\u2019\u00e0rea de proves de diagn\u00f2stic i el laboratori. [\/vc_column_text][\/vc_column][\/vc_row][vc_row css_animation=&#8221;&#8221; row_type=&#8221;row&#8221; use_row_as_full_screen_section=&#8221;no&#8221; type=&#8221;full_width&#8221; angled_section=&#8221;no&#8221; text_align=&#8221;left&#8221; background_image_as_pattern=&#8221;without_pattern&#8221; el_id=&#8221;tour&#8221; z_index=&#8221;&#8221; background_image=&#8221;158&#8243;][vc_column width=&#8221;1\/6&#8243;][\/vc_column][vc_column width=&#8221;2\/3&#8243;][vc_raw_html]JTNDaWZyYW1lJTIwc3JjJTNEJTIyaHR0cHMlM0ElMkYlMkZ3d3cuZ29vZ2xlLmNvbSUyRm1hcHMlMkZlbWJlZCUzRnBiJTNEJTIxNHYxNjE5OTExOTY1NzM3JTIxNm04JTIxMW03JTIxMXNDQW9TTEVGR01WRnBjRTVaWlU0MWFuVnViVlp3VkMxR01UTmplVEY1UWpOVFJFSlRTVVkzYVdaaGFsVmlUQzFQJTIxMm0yJTIxMWQ0MS4zOTc1ODI3ODUwMzg2MSUyMTJkMi4xNTQzOTAwMzM3ODAxNDYlMjEzZjY2LjU2OTg0NTA0MTg2MjU5JTIxNGYxLjIwNDI4NTAxMjEzODI1NzElMjE1ZjAuNzgyMDg2NTk3NDYyNzQ2OSUyMiUyMHdpZHRoJTNEJTIyMTAwJTI1JTIyJTIwaGVpZ2h0JTNEJTIyNjAwJTIyJTIwc3R5bGUlM0QlMjJib3JkZXIlM0EwJTNCJTIyJTIwYWxsb3dmdWxsc2NyZWVuJTNEJTIyJTIyJTIwbG9hZGluZyUzRCUyMmxhenklMjIlM0UlM0MlMkZpZnJhbWUlM0U=[\/vc_raw_html][vc_row_inner row_type=&#8221;row&#8221; type=&#8221;grid&#8221; text_align=&#8221;left&#8221; css_animation=&#8221;&#8221; el_class=&#8221;caja&#8221;][vc_column_inner width=&#8221;1\/4&#8243;][vc_column_text]<\/p>\n<h2>Tour 360\u00ba<\/h2>\n<p>[\/vc_column_text][\/vc_column_inner][vc_column_inner width=&#8221;1\/6&#8243;][vc_single_image image=&#8221;165&#8243; img_size=&#8221;full&#8221; alignment=&#8221;center&#8221; qode_css_animation=&#8221;&#8221;][\/vc_column_inner][vc_column_inner width=&#8221;1\/2&#8243;][vc_column_text]No et limitis a con\u00e8ixer la nostra cl\u00ednica a trav\u00e9s de fotografies. Visita-la, mou-te lliurement pels nostres espais i viu l\u2019experi\u00e8ncia de descobrir-los a trav\u00e9s del nostre tour 360\u00ba.[\/vc_column_text][\/vc_column_inner][vc_column_inner width=&#8221;1\/12&#8243;][\/vc_column_inner][\/vc_row_inner][\/vc_column][vc_column width=&#8221;1\/6&#8243;][\/vc_column][\/vc_row][vc_row css_animation=&#8221;&#8221; row_type=&#8221;row&#8221; use_row_as_full_screen_section=&#8221;no&#8221; type=&#8221;full_width&#8221; angled_section=&#8221;no&#8221; text_align=&#8221;left&#8221; background_image_as_pattern=&#8221;without_pattern&#8221; el_id=&#8221;galeria&#8221; z_index=&#8221;&#8221;][vc_column width=&#8221;1\/6&#8243;][\/vc_column][vc_column width=&#8221;2\/3&#8243;][qode_content_slider auto_rotate=&#8221;5&#8243; enable_drag=&#8221;yes&#8221; direction_nav=&#8221;yes&#8221; control_nav=&#8221;yes&#8221; control_nav_justify=&#8221;no&#8221; pause_on_hover=&#8221;yes&#8221;][qode_content_slider_item][vc_single_image image=&#8221;1996&#8243; img_size=&#8221;full&#8221; alignment=&#8221;center&#8221; qode_css_animation=&#8221;&#8221;][\/qode_content_slider_item][qode_content_slider_item][vc_single_image image=&#8221;1998&#8243; img_size=&#8221;full&#8221; alignment=&#8221;center&#8221; qode_css_animation=&#8221;&#8221;][\/qode_content_slider_item][qode_content_slider_item][vc_single_image image=&#8221;1997&#8243; img_size=&#8221;full&#8221; alignment=&#8221;center&#8221; qode_css_animation=&#8221;&#8221;][\/qode_content_slider_item][qode_content_slider_item][vc_single_image image=&#8221;2000&#8243; img_size=&#8221;full&#8221; alignment=&#8221;center&#8221; qode_css_animation=&#8221;&#8221;][\/qode_content_slider_item][qode_content_slider_item][vc_single_image image=&#8221;1999&#8243; img_size=&#8221;full&#8221; alignment=&#8221;center&#8221; qode_css_animation=&#8221;&#8221;][\/qode_content_slider_item][\/qode_content_slider][\/vc_column][vc_column width=&#8221;1\/6&#8243;][\/vc_column][\/vc_row]<\/p>\n<\/div>","protected":false},"excerpt":{"rendered":"<p>[vc_row css_animation=&#8221;&#8221; row_type=&#8221;row&#8221; use_row_as_full_screen_section=&#8221;no&#8221; type=&#8221;full_width&#8221; angled_section=&#8221;no&#8221; text_align=&#8221;left&#8221; background_image_as_pattern=&#8221;without_pattern&#8221; el_id=&#8221;cabecera&#8221; z_index=&#8221;&#8221; background_color=&#8221;#f6f7fb&#8221;][vc_column][qode_elements_holder number_of_columns=&#8221;two_columns&#8221; columns_proportion=&#8221;33_66&#8243;][qode_elements_holder_item vertical_alignment=&#8221;bottom&#8221; advanced_animations=&#8221;no&#8221;][vc_column_text] La nostra cl\u00ednica [\/vc_column_text][vc_column_text]Un espai optimitzat per a la teva comoditat.[\/vc_column_text][\/qode_elements_holder_item][qode_elements_holder_item advanced_animations=&#8221;no&#8221;][vc_single_image image=&#8221;2696&#8243; img_size=&#8221;full&#8221; alignment=&#8221;center&#8221; qode_css_animation=&#8221;&#8221;][\/qode_elements_holder_item][\/qode_elements_holder][\/vc_column][\/vc_row][vc_row css_animation=&#8221;&#8221; row_type=&#8221;row&#8221; use_row_as_full_screen_section=&#8221;no&#8221; type=&#8221;grid&#8221; angled_section=&#8221;no&#8221; text_align=&#8221;left&#8221; background_image_as_pattern=&#8221;without_pattern&#8221; el_id=&#8221;video&#8221; z_index=&#8221;&#8221;][vc_column][vc_row_inner row_type=&#8221;row&#8221; type=&#8221;full_width&#8221; text_align=&#8221;left&#8221; css_animation=&#8221;&#8221;][vc_column_inner width=&#8221;1\/12&#8243;][\/vc_column_inner][vc_column_inner&#8230;<\/p>\n","protected":false},"author":3,"featured_media":2731,"parent":0,"menu_order":0,"comment_status":"closed","ping_status":"closed","template":"full_width.php","meta":{"footnotes":""},"class_list":["post-2695","page","type-page","status-publish","has-post-thumbnail","hentry"],"_links":{"self":[{"href":"https:\/\/clinicasden.com\/ca\/wp-json\/wp\/v2\/pages\/2695","targetHints":{"allow":["GET"]}}],"collection":[{"href":"https:\/\/clinicasden.com\/ca\/wp-json\/wp\/v2\/pages"}],"about":[{"href":"https:\/\/clinicasden.com\/ca\/wp-json\/wp\/v2\/types\/page"}],"author":[{"embeddable":true,"href":"https:\/\/clinicasden.com\/ca\/wp-json\/wp\/v2\/users\/3"}],"replies":[{"embeddable":true,"href":"https:\/\/clinicasden.com\/ca\/wp-json\/wp\/v2\/comments?post=2695"}],"version-history":[{"count":0,"href":"https:\/\/clinicasden.com\/ca\/wp-json\/wp\/v2\/pages\/2695\/revisions"}],"wp:featuredmedia":[{"embeddable":true,"href":"https:\/\/clinicasden.com\/ca\/wp-json\/wp\/v2\/media\/2731"}],"wp:attachment":[{"href":"https:\/\/clinicasden.com\/ca\/wp-json\/wp\/v2\/media?parent=2695"}],"curies":[{"name":"wp","href":"https:\/\/api.w.org\/{rel}","templated":true}]}}