{"id":2712,"date":"2021-05-02T13:03:52","date_gmt":"2021-05-02T11:03:52","guid":{"rendered":"https:\/\/clinicasden.com\/tecnologia\/"},"modified":"2021-06-14T20:41:39","modified_gmt":"2021-06-14T18:41:39","slug":"tecnologia","status":"publish","type":"page","link":"https:\/\/clinicasden.com\/ca\/tecnologia\/","title":{"rendered":"Tecnolog\u00eda"},"content":{"rendered":"<div class=\"wpb-content-wrapper\"><p>[vc_row css_animation=&#8221;&#8221; row_type=&#8221;row&#8221; use_row_as_full_screen_section=&#8221;no&#8221; type=&#8221;full_width&#8221; angled_section=&#8221;no&#8221; text_align=&#8221;left&#8221; background_image_as_pattern=&#8221;without_pattern&#8221; z_index=&#8221;&#8221; background_color=&#8221;#f6f7fb&#8221;][vc_column][vc_single_image image=&#8221;2713&#8243; img_size=&#8221;full&#8221; alignment=&#8221;center&#8221; qode_css_animation=&#8221;&#8221;][\/vc_column][\/vc_row][vc_row css_animation=&#8221;&#8221; row_type=&#8221;row&#8221; use_row_as_full_screen_section=&#8221;no&#8221; type=&#8221;grid&#8221; angled_section=&#8221;no&#8221; text_align=&#8221;left&#8221; background_image_as_pattern=&#8221;without_pattern&#8221; el_id=&#8221;cabecera&#8221; z_index=&#8221;&#8221; background_color=&#8221;#ffffff&#8221;][vc_column][vc_column_text]<\/p>\n<h1>La tecnologia a Cl\u00ednicas DEN<\/h1>\n<p>[\/vc_column_text][vc_column_text]<\/p>\n<p style=\"text-align: center;\">El nostre principal objectiu \u00e9s l\u2019excel\u00b7l\u00e8ncia i la qualitat en tot el que fem.<\/p>\n<p style=\"text-align: center;\">Una tecnologia avan\u00e7ada \u00e9s imprescindible per elaborar els diagn\u00f2stics m\u00e9s precisos i millorar els tractaments dels nostres pacients. Valorem molt el temps de les persones, i la tecnologia ens ajuda a optimitzar tots els nostres processos.<\/p>\n<p style=\"text-align: center;\">A Cl\u00ednicas DEN, els nostres especialistes estan rebent formaci\u00f3 cont\u00ednua, perqu\u00e8 els aven\u00e7os en tecnologia dental formen part del nostre ADN.<\/p>\n<p>[\/vc_column_text][\/vc_column][\/vc_row][vc_row css_animation=&#8221;&#8221; row_type=&#8221;row&#8221; use_row_as_full_screen_section=&#8221;no&#8221; type=&#8221;full_width&#8221; angled_section=&#8221;no&#8221; text_align=&#8221;left&#8221; background_image_as_pattern=&#8221;without_pattern&#8221; z_index=&#8221;&#8221; background_color=&#8221;#5996bc&#8221; el_class=&#8221;bloque-azul&#8221;][vc_column width=&#8221;1\/2&#8243;][vc_single_image image=&#8221;2055&#8243; img_size=&#8221;full&#8221; alignment=&#8221;center&#8221; qode_css_animation=&#8221;&#8221;][\/vc_column][vc_column width=&#8221;5\/12&#8243;][vc_column_text]<\/p>\n<h2>Cad\/Cam &#8211; Tecnologia digital<\/h2>\n<p>[\/vc_column_text][vc_column_text]La tecnologia CAD\/CAM va suposar el gran salt de l\u2019odontologia anal\u00f2gica a la digital. S\u2019utilitza per a la fabricaci\u00f3 d\u2019estructures de manera estandarditzada i robotitzada, combinant el disseny assistit per ordinador amb la fabricaci\u00f3 a trav\u00e9s d\u2019una fresadora.<\/p>\n<p>Mitjan\u00e7ant la tecnologia CAD\/CAM podem fabricar corones, pr\u00f2tesis personalitzades fixes o desmuntables en materials est\u00e8tics sense metall. Tamb\u00e9 es poden fabricar restauracions completes i corregir l\u2019angulaci\u00f3 de connexi\u00f3 amb l\u2019implant en restauracions on el cas ho requereixi.<\/p>\n<p>Aquesta tecnologia consta de tres processos: primer un proc\u00e9s d\u2019escaneig digital de la boca del pacient, ja sigui mitjan\u00e7ant un esc\u00e0ner intraoral o per mitj\u00e0 d\u2019una presa d\u2019impressi\u00f3 f\u00edsica que posteriorment es digitalitza; segon, un disseny de la restauraci\u00f3 per mitj\u00e0 d\u2019un software; i tercer un fresatge robotitzat de la restauraci\u00f3.<\/p>\n<p>L\u2019\u00faltim aven\u00e7 de la tecnologia CAD\/CAM \u00e9s el disseny de guies quir\u00fargiques per a la col\u00b7locaci\u00f3 d\u2019implants; aquestes guies s\u00f3n dissenyades a partir de software CAD\/CAM i fabricades amb impressi\u00f3 3D, el que genera una cirurgia altament precisa i sense trauma pel pacient. [\/vc_column_text][\/vc_column][vc_column width=&#8221;1\/12&#8243;][\/vc_column][\/vc_row][vc_row css_animation=&#8221;&#8221; row_type=&#8221;row&#8221; use_row_as_full_screen_section=&#8221;no&#8221; type=&#8221;grid&#8221; angled_section=&#8221;no&#8221; text_align=&#8221;left&#8221; background_image_as_pattern=&#8221;without_pattern&#8221; el_class=&#8221;bloque&#8221; z_index=&#8221;&#8221;][vc_column width=&#8221;1\/2&#8243;][vc_single_image image=&#8221;1909&#8243; img_size=&#8221;full&#8221; alignment=&#8221;center&#8221; qode_css_animation=&#8221;&#8221; el_class=&#8221;nomobile&#8221;][vc_column_text]<\/p>\n<h2>CBCT Carestream 9600 <span class=\"abajo\">Sofisticat sistema de radiologia<\/span><\/h2>\n<p>[\/vc_column_text][vc_column_text]A la Cl\u00ednica DEN comptem amb el CS 9600, un sofisticat sistema de radiologia que est\u00e0 indicat per a millorar l\u2019experi\u00e8ncia d\u2019exploraci\u00f3 en els nostres pacients.<\/p>\n<p>Gr\u00e0cies al seu intel\u00b7ligent sistema d\u2019imatges extraorals, podem aconseguir exploracions molt m\u00e9s precises dels ex\u00e0mens en el primer intent, sense risc de repeticions.<\/p>\n<p>Combina la tecnologia panor\u00e0mica 2D i 3D d\u2019\u00faltima generaci\u00f3, donant com a resultat les millors radiografies dentals i maxil\u00b7lofacials. [\/vc_column_text][\/vc_column][vc_column width=&#8221;1\/2&#8243;][vc_single_image image=&#8221;1909&#8243; img_size=&#8221;full&#8221; alignment=&#8221;center&#8221; qode_css_animation=&#8221;&#8221; el_class=&#8221;nopc&#8221;][\/vc_column][\/vc_row][vc_row css_animation=&#8221;&#8221; row_type=&#8221;row&#8221; use_row_as_full_screen_section=&#8221;no&#8221; type=&#8221;full_width&#8221; angled_section=&#8221;no&#8221; text_align=&#8221;left&#8221; background_image_as_pattern=&#8221;without_pattern&#8221; z_index=&#8221;&#8221; background_color=&#8221;#5996bc&#8221; el_class=&#8221;bloque-azul&#8221;][vc_column width=&#8221;1\/2&#8243;][vc_single_image image=&#8221;1899&#8243; img_size=&#8221;full&#8221; alignment=&#8221;center&#8221; qode_css_animation=&#8221;&#8221;][\/vc_column][vc_column width=&#8221;1\/3&#8243;][vc_column_text]<\/p>\n<h2>Microscopi d\u2019endod\u00f2ncia<\/h2>\n<p>[\/vc_column_text][vc_column_text]Amb l\u2019ajuda del microscopi som capa\u00e7os de tractar estructures que abans resultaven poc visibles per l\u2019ull hum\u00e0. Podem realitzar diagn\u00f2stics i tractaments amb molta m\u00e9s precisi\u00f3, i aconseguir resultats m\u00e9s predictibles.<\/p>\n<p>Amb el pas del temps, el microscopi s\u2019ha convertit en una eina habitual per a diverses intervencions dentals, des de les rutin\u00e0ries preparacions per a corones fins a la localitzaci\u00f3 de conductes o la retirada de la polpa dental en tractaments d\u2019endod\u00f2ncia.<\/p>\n<p>La pres\u00e8ncia de microfractures o fractures longitudinals en les peces dentals no s\u00f3n f\u00e0cils de detectar si no \u00e9s gr\u00e0cies al microscopi. Gr\u00e0cies a aquesta avan\u00e7ada tecnologia podem diagnosticar aquestes patologies doloroses, elaborant i aplicant el millor tractament possible.<\/p>\n<p>El microscopi ens permet una visualitzaci\u00f3 \u00f2ptima dels m\u00ednims detalls, gr\u00e0cies a la il\u00b7luminaci\u00f3 coaxial de zones de dif\u00edcil acc\u00e9s i la magnificaci\u00f3.<\/p>\n<p>A m\u00e9s, podem utitlizar-lo en qualsevol especialitat odontol\u00f2gica: endod\u00f2ncia, est\u00e8tica dental, prostod\u00f2ncia, implantologia, period\u00f2ncia i ortod\u00f2ncia, millorant aix\u00ed el diagn\u00f2stic i el tractament corresponent de cada disciplina. [\/vc_column_text][\/vc_column][vc_column width=&#8221;1\/6&#8243;][\/vc_column][\/vc_row][vc_row css_animation=&#8221;&#8221; row_type=&#8221;row&#8221; use_row_as_full_screen_section=&#8221;no&#8221; type=&#8221;grid&#8221; angled_section=&#8221;no&#8221; text_align=&#8221;left&#8221; background_image_as_pattern=&#8221;without_pattern&#8221; z_index=&#8221;&#8221; el_class=&#8221;bloque&#8221;][vc_column][vc_row_inner row_type=&#8221;row&#8221; type=&#8221;full_width&#8221; text_align=&#8221;left&#8221; css_animation=&#8221;&#8221;][vc_column_inner width=&#8221;1\/2&#8243;][vc_single_image image=&#8221;1913&#8243; img_size=&#8221;full&#8221; alignment=&#8221;center&#8221; qode_css_animation=&#8221;&#8221;][\/vc_column_inner][vc_column_inner width=&#8221;1\/2&#8243;][vc_column_text]<\/p>\n<h2>Impressora 3D + Esc\u00e0ner intraoral <span class=\"abajo\">AAvan\u00e7at<\/span><\/h2>\n<p>[\/vc_column_text][vc_column_text]La Form 3 \u00e9s una impressora 3D d\u2019\u00faltima generaci\u00f3 i optimitzada per a materials biocompatibles. L\u2019ecosistema proporcionat per la marca Formlabs facilita la fabricaci\u00f3 de material odontol\u00f2gic, pel que els fluxos de treball s\u00f3n molt m\u00e9s r\u00e0pids, prec\u00eds i fiable, deixant-los a un sol clic de dist\u00e0ncia.<\/p>\n<p>Per altre banda, a la nostra cl\u00ednica dental de Barcelona comptem amb un avan\u00e7at <strong>esc\u00e0ner intraoral<\/strong>, el que suposa una gran revoluci\u00f3 dins dels tractaments odontol\u00f2gics.<\/p>\n<p>El primer pas per a la realitzaci\u00f3 de qualsevol tipus de tractament o restauraci\u00f3 dental, est\u00e0 en el diagn\u00f2stic. I per aix\u00f2, gr\u00e0cies a l\u2019esc\u00e0ner intraoral, prenem una imatge digital de la boca que despr\u00e9s passa a la nostra impressora 3D.[\/vc_column_text][\/vc_column_inner][\/vc_row_inner][vc_column_text]Aquestes <strong>impressions digitals en 3D<\/strong>, ens proporcionen una precisi\u00f3 \u00f2ptima, milloren els resultats cl\u00ednics i redueixen la necessitat d\u2019ajustos posteriors. Amb la combinaci\u00f3 d\u2019aquestes dues tecnologies, ens oblidem de l\u2019\u00fas d\u2019aquests m\u00e8todes m\u00e9s tradicionals i imprecisos, com l\u2019alginat.[\/vc_column_text][\/vc_column][\/vc_row][vc_row css_animation=&#8221;&#8221; row_type=&#8221;row&#8221; use_row_as_full_screen_section=&#8221;no&#8221; type=&#8221;grid&#8221; angled_section=&#8221;no&#8221; text_align=&#8221;left&#8221; background_image_as_pattern=&#8221;without_pattern&#8221; el_class=&#8221;bloque&#8221; z_index=&#8221;&#8221;][vc_column width=&#8221;1\/2&#8243;][vc_single_image image=&#8221;1906&#8243; img_size=&#8221;full&#8221; alignment=&#8221;center&#8221; qode_css_animation=&#8221;&#8221;][\/vc_column][vc_column width=&#8221;1\/2&#8243;][vc_column_text]<\/p>\n<h2>Mod Jaw <span class=\"abajo\">\u00daltima generaci\u00f3<\/span><\/h2>\n<p>[\/vc_column_text][vc_column_text]Gr\u00e0cies a la tecnologia Mod Jaw podem observar el moviment mandibular del pacient en temps real per a poder determinar les causes de la patologia.<\/p>\n<p>El principal avantatge d\u2019aquesta tecnologia que utilitzem a la nostra cl\u00ednica de Barcelona \u00e9s que podem detectar la patologia en el seu estat inicial. Posteriorment, utilitzem aquesta informaci\u00f3 com a refer\u00e8ncia en el tractament d\u2019ortod\u00f2ncia del pacient, aix\u00ed aconseguim millors resultats a llarg termini. [\/vc_column_text][\/vc_column][\/vc_row][vc_row css_animation=&#8221;&#8221; row_type=&#8221;row&#8221; use_row_as_full_screen_section=&#8221;no&#8221; type=&#8221;full_width&#8221; angled_section=&#8221;no&#8221; text_align=&#8221;left&#8221; background_image_as_pattern=&#8221;without_pattern&#8221; z_index=&#8221;&#8221; background_color=&#8221;#5996bc&#8221; el_id=&#8221;videos&#8221;][vc_column width=&#8221;1\/12&#8243;][\/vc_column][vc_column width=&#8221;5\/12&#8243;][vc_video link=&#8221;https:\/\/youtu.be\/UGubSKXM5es&#8221; align=&#8221;center&#8221; css_animation=&#8221;bounceInLeft&#8221;][\/vc_column][vc_column width=&#8221;5\/12&#8243;][vc_video link=&#8221;https:\/\/youtu.be\/Qa6s5m3WKn0&#8243; align=&#8221;center&#8221; css_animation=&#8221;bounceInRight&#8221;][\/vc_column][vc_column width=&#8221;1\/12&#8243;][\/vc_column][\/vc_row][vc_row css_animation=&#8221;&#8221; row_type=&#8221;row&#8221; use_row_as_full_screen_section=&#8221;no&#8221; type=&#8221;full_width&#8221; angled_section=&#8221;no&#8221; text_align=&#8221;left&#8221; background_image_as_pattern=&#8221;without_pattern&#8221; el_id=&#8221;galeria&#8221; z_index=&#8221;&#8221;][vc_column width=&#8221;1\/4&#8243;][vc_single_image image=&#8221;1915&#8243; img_size=&#8221;full&#8221; alignment=&#8221;center&#8221; qode_css_animation=&#8221;&#8221;][\/vc_column][vc_column width=&#8221;1\/4&#8243;][vc_single_image image=&#8221;1916&#8243; img_size=&#8221;full&#8221; alignment=&#8221;center&#8221; qode_css_animation=&#8221;&#8221;][\/vc_column][vc_column width=&#8221;1\/4&#8243;][vc_single_image image=&#8221;1917&#8243; img_size=&#8221;full&#8221; alignment=&#8221;center&#8221; qode_css_animation=&#8221;&#8221;][\/vc_column][vc_column width=&#8221;1\/4&#8243;][vc_single_image image=&#8221;1918&#8243; img_size=&#8221;full&#8221; alignment=&#8221;center&#8221; qode_css_animation=&#8221;&#8221;][\/vc_column][\/vc_row][vc_row css_animation=&#8221;&#8221; row_type=&#8221;row&#8221; use_row_as_full_screen_section=&#8221;no&#8221; type=&#8221;grid&#8221; angled_section=&#8221;no&#8221; text_align=&#8221;left&#8221; background_image_as_pattern=&#8221;without_pattern&#8221; z_index=&#8221;&#8221; background_color=&#8221;#5996bc&#8221; background_image=&#8221;115&#8243; el_id=&#8221;cita&#8221;][vc_column width=&#8221;7\/12&#8243;][vc_column_text]<\/p>\n<h2>Explica\u2019ns com podem ajudar-te<br \/>\n<a href=\"tel:+34932188080\" target=\"_blank\" rel=\"noopener\"><i class=\" fa fa-phone\"><\/i> +34 932 18 80 80<\/a><\/h2>\n<p>[\/vc_column_text][\/vc_column][vc_column width=&#8221;5\/12&#8243;][\/vc_column][\/vc_row]<\/p>\n<\/div>","protected":false},"excerpt":{"rendered":"<p>[vc_row css_animation=&#8221;&#8221; row_type=&#8221;row&#8221; use_row_as_full_screen_section=&#8221;no&#8221; type=&#8221;full_width&#8221; angled_section=&#8221;no&#8221; text_align=&#8221;left&#8221; background_image_as_pattern=&#8221;without_pattern&#8221; z_index=&#8221;&#8221; background_color=&#8221;#f6f7fb&#8221;][vc_column][vc_single_image image=&#8221;2713&#8243; img_size=&#8221;full&#8221; alignment=&#8221;center&#8221; qode_css_animation=&#8221;&#8221;][\/vc_column][\/vc_row][vc_row css_animation=&#8221;&#8221; row_type=&#8221;row&#8221; use_row_as_full_screen_section=&#8221;no&#8221; type=&#8221;grid&#8221; angled_section=&#8221;no&#8221; text_align=&#8221;left&#8221; background_image_as_pattern=&#8221;without_pattern&#8221; el_id=&#8221;cabecera&#8221; z_index=&#8221;&#8221; background_color=&#8221;#ffffff&#8221;][vc_column][vc_column_text] La tecnologia a Cl\u00ednicas DEN [\/vc_column_text][vc_column_text] El nostre principal objectiu \u00e9s l\u2019excel\u00b7l\u00e8ncia i la qualitat en tot el que fem. Una&#8230;<\/p>\n","protected":false},"author":3,"featured_media":2731,"parent":0,"menu_order":0,"comment_status":"closed","ping_status":"closed","template":"full_width.php","meta":{"footnotes":""},"class_list":["post-2712","page","type-page","status-publish","has-post-thumbnail","hentry"],"_links":{"self":[{"href":"https:\/\/clinicasden.com\/ca\/wp-json\/wp\/v2\/pages\/2712","targetHints":{"allow":["GET"]}}],"collection":[{"href":"https:\/\/clinicasden.com\/ca\/wp-json\/wp\/v2\/pages"}],"about":[{"href":"https:\/\/clinicasden.com\/ca\/wp-json\/wp\/v2\/types\/page"}],"author":[{"embeddable":true,"href":"https:\/\/clinicasden.com\/ca\/wp-json\/wp\/v2\/users\/3"}],"replies":[{"embeddable":true,"href":"https:\/\/clinicasden.com\/ca\/wp-json\/wp\/v2\/comments?post=2712"}],"version-history":[{"count":0,"href":"https:\/\/clinicasden.com\/ca\/wp-json\/wp\/v2\/pages\/2712\/revisions"}],"wp:featuredmedia":[{"embeddable":true,"href":"https:\/\/clinicasden.com\/ca\/wp-json\/wp\/v2\/media\/2731"}],"wp:attachment":[{"href":"https:\/\/clinicasden.com\/ca\/wp-json\/wp\/v2\/media?parent=2712"}],"curies":[{"name":"wp","href":"https:\/\/api.w.org\/{rel}","templated":true}]}}