{"id":2740,"date":"2019-10-19T19:02:51","date_gmt":"2019-10-19T17:02:51","guid":{"rendered":"https:\/\/clinicasden.com\/aviso-legal\/"},"modified":"2021-06-14T20:40:33","modified_gmt":"2021-06-14T18:40:33","slug":"avis-legal","status":"publish","type":"page","link":"https:\/\/clinicasden.com\/ca\/avis-legal\/","title":{"rendered":"Av\u00eds Legal"},"content":{"rendered":"<div class=\"wpb-content-wrapper\"><p>[vc_row css_animation=&#8221;&#8221; row_type=&#8221;row&#8221; use_row_as_full_screen_section=&#8221;no&#8221; type=&#8221;full_width&#8221; angled_section=&#8221;no&#8221; text_align=&#8221;left&#8221; background_image_as_pattern=&#8221;without_pattern&#8221;][vc_column][vc_single_image image=&#8221;2741&#8243; img_size=&#8221;full&#8221; alignment=&#8221;center&#8221; qode_css_animation=&#8221;&#8221;][\/vc_column][\/vc_row][vc_row css_animation=&#8221;&#8221; row_type=&#8221;row&#8221; use_row_as_full_screen_section=&#8221;no&#8221; type=&#8221;grid&#8221; angled_section=&#8221;no&#8221; text_align=&#8221;left&#8221; background_image_as_pattern=&#8221;without_pattern&#8221; z_index=&#8221;&#8221;][vc_column][vc_empty_space height=&#8221;50px&#8221;][vc_column_text]<\/p>\n<h1 style=\"text-align: center;\">Av\u00eds Legal<\/h1>\n<p>[\/vc_column_text][vc_empty_space height=&#8221;50px&#8221;][vc_column_text]<\/p>\n<h2><strong>1. Dades identificatives. <\/strong><\/h2>\n<p>En compliment amb el deure d\u2019informaci\u00f3 que es recull a l\u2019article 10 de la Llei 34\/2002 de 11 de juliol, dels Serveis de la Societat de la Informaci\u00f3 i del Comer\u00e7 Electr\u00f2nic, a continuaci\u00f3 s\u2019estipulen les seg\u00fcents dades:<\/p>\n<p>L\u2019empresa titular del domini web es: <strong>ORTHO DOCTORS S.L.<\/strong> amb CIF: <strong>B63482871<\/strong> i situada a la direcci\u00f3 per aquests efectes a: <strong>Via Augusta, 28, 08006 Barcelona<\/strong> d\u2019ara en endavant LA CLINICA.<\/p>\n<h2>2. Aceptaci\u00f3 de l\u2019usuari.<\/h2>\n<p>Aquest av\u00eds legat regula l\u2019acc\u00e9s i l\u2019utilizaci\u00f3 de la p\u00e0gina web (a partir d\u2019ara la \u201cWeb\u201d) que LA CLINICA t\u00e9 a disposici\u00f3 dels usuaris d\u2019Internet. Entenent per usuari la persona que accedeix , navega, utilitza o participa dels serveis i activitats de la Web. L\u2019acc\u00e9s i la navegaci\u00f3 d\u2019un usuari per la Web implica l\u2019acceptaci\u00f3 sens cap reserva del present Av\u00eds Legal. LA CLINICA pot oferir \u00a0a trav\u00e9s de la p\u00e0gina web serveis que podran es podran veure sotmesos a unes condicions particulars pr\u00f2pies sobre les quals s\u2019 informar\u00e0 a l\u2019usuari en cada cas concret.<\/p>\n<h2>3. Utilitzaci\u00f3 de la web.<\/h2>\n<p>3.1. L\u2019usuari es compromet a utilitzar la Web, els continguts i els serveis de conformitat amb la Llei, el present Av\u00eds Legal, les bones costums i l\u2019ordre p\u00fablic. De la mateixa manera l\u2019usuari \u00e9s obligat a no utilitzar la Web o els serveis que s\u2019ofereixen a trav\u00e9s del mateix amb finalitat o efectes il\u00b7l\u00edcits o contradictoris al contingut del present Av\u00eds Legal, lesius pels interessos o drets de tercers, o que de qualsevol procediment pugui perjudicar, inutilitzar o deteriorar la Web o els seus serveis o impedir un \u00fas an\u00f2mal de la Web pels altres usuaris.<\/p>\n<p>3.2. L\u2019usuari es compromet expressament a no destruir, alterar, inutilitzar o, de qualsevol altra forma, deteriorar les dades, programes o documents electr\u00f2nics i altres continguts que es trobin a la Web.<\/p>\n<p>3.3. L\u2019usuari es compromet a no obstaculitzar l\u2019acc\u00e9s a altres usuaris al servei d\u2019acc\u00e9s mitjan\u00e7ant el consum massiu dels recursos inform\u00e0tics a trav\u00e9s dels quals LA CLINICA ofereix el servei, aix\u00ed com realitzar accions que menystinguin, pertorbin o generin errors en els sistemes o serveis.<\/p>\n<p>3.4. L\u2019usuari es compromet a no introduir programes, virus, macros, applets, controls ActiveX o qualsevol altre dispositiu l\u00f2gic o seq\u00fc\u00e8ncia de car\u00e0cters que causin o siguin susceptibles de causar qualsevol tipus d\u2019alteraci\u00f3 en els sistemes inform\u00e0tics de LA COMPANYIA o a tercers.<\/p>\n<p>3.5. L\u2019usuari es compromet a no obtenir informacions, missatges, gr\u00e0fics, il\u00b7lustracions, arxius de so i\/o imatge, fotografies, enregistraments, software i en general, qualsevol classe de material accessible a trav\u00e9s de la Web o dels serveis oferts.<\/p>\n<p>3.6. S\u2019ent\u00e9n que l\u2019acc\u00e9s o l\u2019 utilitzaci\u00f3 de la Web per part de l\u2019usuari implica l\u2019 acceptaci\u00f3 d\u2019aquest Av\u00eds Legal que LA CLINICA tingui publicat en el moment de l\u2019acc\u00e9s, el qual estar\u00e0 sempre disponible pels usuaris.<\/p>\n<p>3.7. L\u2019usuari es compromet a fer un \u00fas adequat dels continguts i serveis que LA CLINICA ofereix a la seva seu Web i a no utilitzar-los per inc\u00f3rrer a activitats il\u00b7l\u00edcites o contraries a la bona fe i a l\u2019ordenament legal; difondre continguts o publicitat de car\u00e0cter racista, xen\u00f2foba, pornografia il\u00b7l\u00edcita, d\u2019apologia del terrorisme o que atempti contra els drets humans.<\/p>\n<h2>4. Acc\u00e9s al web.<\/h2>\n<p>4.1. L\u2019acc\u00e9s al Web per part dels usuaris t\u00e9 car\u00e0cter lliure i gratu\u00eft.<\/p>\n<p>4.2. Quan sigui necessari que l\u2019usuari es registri o aporti dades personals per a poder accedir a algun dels serveis, la recollida i el tractament de les dades personals dels usuaris ser\u00e0 aplicable el que es disposa a l\u2019apartat 9 d\u2019aquest av\u00eds legal.<\/p>\n<p>4.3. Queda prohibida la contractaci\u00f3 de productes o serveis a trav\u00e9s del Web per part de menors d&#8217;edat, havent d&#8217;obtenir degudament i amb anterioritat, el consentiment dels seus pares, tutors o representants legals, els quals seran considerats com a responsables dels actes que duguin a terme els menors al seu c\u00e0rrec.<\/p>\n<p>4.4. Si per a la utilitzaci\u00f3 d&#8217;un servei en la Web, l&#8217;usuari hagu\u00e9s de procedir al seu registre, aquest ser\u00e0 responsable d&#8217;aportar informaci\u00f3 vera\u00e7 i l\u00edcita.<\/p>\n<h2>5. Modificacions Av\u00eds Legal.<\/h2>\n<p>LA CLINICA es reserva expressament el dret a modificar el present Av\u00eds Legal. L&#8217;usuari reconeix i accepta que \u00e9s la seva responsabilitat revisar la Web i el present Av\u00eds Legal.<\/p>\n<h2>6. Acc\u00e9s al web.<\/h2>\n<p>6.1. LA CLINICA es compromet a fer els seus millors esfor\u00e7os per a evitar qualsevol error en els continguts que poguessin apar\u00e8ixer en la Web. En qualsevol cas, LA CLINICA estar\u00e0 exempta de qualsevol responsabilitat derivada d&#8217;eventuals errors en els continguts que poguessin apar\u00e8ixer en el Web, sempre que no li siguin imputables.<\/p>\n<p>6.2. LA COMPANYIA no garanteix que el Web i el servidor estiguin lliures de virus i no es fa responsable dels possibles danys o perjudicis que es puguin derivar d&#8217;interfer\u00e8ncies, omissions, interrupcions, virus inform\u00e0tics, avaries telef\u00f2niques o desconnexions en el funcionament operatiu d&#8217;aquest sistema electr\u00f2nic, motivat per causes alienes a la CLINICA, de retards o bloquejos en l&#8217;\u00fas d&#8217;aquest sistema electr\u00f2nic causats per defici\u00e8ncies de l\u00ednies telef\u00f2niques o sobrec\u00e0rregues en el sistema d&#8217;Internet o en altres sistemes electr\u00f2nics, aix\u00ed com tamb\u00e9 de danys que puguin ser causats per terceres persones mitjan\u00e7ant intromissions il\u00b7leg\u00edtimes fora del control de la CLINICA.<\/p>\n<h2>7. Limitaci\u00f3 de Garanties i Responsabilitats.<\/h2>\n<p>7.1. Tots els drets de Propietat Industrial i Intel\u00b7lectual de la Web i dels seus continguts (textos, imatges, sons, \u00e0udio, v\u00eddeo, dissenys, creativitats, programari) pertanyen, com a autor d&#8217;obra col\u00b7lectiva o com a cession\u00e0ria, a la CLINICA o, en el seu cas, a terceres persones.<\/p>\n<p>7.2. Queden expressament prohibides la reproducci\u00f3, la distribuci\u00f3 i la comunicaci\u00f3 p\u00fablica, inclosa la seva modalitat de posada a disposici\u00f3, de la totalitat o part dels continguts d&#8217;aquesta p\u00e0gina Web, amb qualsevol fi, en qualsevol suport i per qualsevol mitj\u00e0 t\u00e8cnic, sense l&#8217;autoritzaci\u00f3 de la CLINICA. L&#8217;usuari es compromet a respectar els drets de Propietat Industrial i Intel\u00b7lectual titularitat de la CLINICA i de tercers.<\/p>\n<p>7.3. A l&#8217;efecte del que es preveu en l&#8217;article 32.1 del Text Ref\u00f3s de la Llei de Propietat Intel\u00b7lectual, LA CLINICA s&#8217;oposa expressament a la utilitzaci\u00f3 de qualssevol continguts d&#8217;aquest portal web amb la finalitat de realitzar ressenyes amb finalitats comercials sense comptar amb la pr\u00e8via autoritzaci\u00f3 de la CLINICA.<\/p>\n<p>7.4. L&#8217;usuari pot visualitzar tots els elements, imprimir-los, copiar-los i emmagatzemar-los en el disc dur del seu ordinador o en qualsevol altre suport f\u00edsic sempre que sigui, exclusivament, per al seu \u00fas personal i privat, quedant, per tant, terminantment prohibida la seva utilitzaci\u00f3 amb altres fins, la seva distribuci\u00f3, aix\u00ed com la seva modificaci\u00f3, alteraci\u00f3 o descompilaci\u00f3.<\/p>\n<p>7.5. LA CLINICA proporciona l&#8217;acc\u00e9s a tota mena d&#8217;informacions, serveis, programes o dades a Internet que poden pert\u00e0nyer a terceres persones, i en aquest cas LA CLINICA no es fa responsable d&#8217;aquests continguts ni de quantes reclamacions puguin derivar-se de la qualitat, fiabilitat, exactitud o correcci\u00f3 d&#8217;aquests.<\/p>\n<h2>8. Enlla\u00e7os de Tercers.<\/h2>\n<p>8.1. En el cas que en el Web es disposessin enlla\u00e7os o enlla\u00e7os cap a altres llocs d&#8217;Internet, LA CLINICA no exercir\u00e0 cap mena de control sobre aquests llocs i continguts. En cap cas LA CLINICA assumir\u00e0 cap responsabilitat pels continguts d&#8217;algun enlla\u00e7 pertanyent a un lloc Web ali\u00e8, ni garantir\u00e0 la disponibilitat t\u00e8cnica, qualitat, fiabilitat, exactitud, amplitud, veracitat, validesa i constitucionalitat de qualsevol material o informaci\u00f3 continguda al capdavant dels enlla\u00e7os o altres llocs d&#8217;Internet.<\/p>\n<p>8.2. Aquests enlla\u00e7os es proporcionen \u00fanicament per a informar l&#8217;usuari sobre l&#8217;exist\u00e8ncia d&#8217;altres fonts d&#8217;informaci\u00f3 sobre un tema concret, i la inclusi\u00f3 d&#8217;un enlla\u00e7 no implica l&#8217;aprovaci\u00f3 de la p\u00e0gina web enlla\u00e7ada per part de la CLINICA.<\/p>\n<p>8.3. LA CLINICA tan sols autoritza esments als seus continguts en altres seus Web, amb el tractament que aquestes considerin sempre que sigui respectu\u00f3s, compleixi la legislaci\u00f3 vigent i en cap cas reprodueixin, sense la deguda autoritzaci\u00f3, els continguts de la *CLINICA.<\/p>\n<h2>9. Protecci\u00f3 de Dades Personals.<\/h2>\n<p>9.1. LA CLINICA adopta les mesures t\u00e8cniques i organitzatives necess\u00e0ries per a garantir la protecci\u00f3 de les dades de car\u00e0cter personal i evitar la seva alteraci\u00f3, p\u00e8rdua, tractament i\/o acc\u00e9s no autoritzat, tenint en compte de l&#8217;estat de la t\u00e8cnica, la naturalesa de les dades emmagatzemades i els riscos al fet que estan exposats, tot aix\u00f2, conforme al que s&#8217;estableix per la legislaci\u00f3 espanyola i europea de Protecci\u00f3 de Dades de Car\u00e0cter Personal.<\/p>\n<p>9.2. L&#8217;usuari podr\u00e0 proporcionar a la CLINICA les seves dades de car\u00e0cter personal a trav\u00e9s dels diferents formularis que a aquest efecte apareixen en el Web. Aquests formularis incorporen un text legal en mat\u00e8ria de protecci\u00f3 de dades personals que dona compliment a les exig\u00e8ncies establertes en el REGLAMENT (UE) 2016\/679 del Parlament Europeu i del Consell de 27 d&#8217;abril de 2016 relatiu a la protecci\u00f3 de les persones f\u00edsiques pel que fa al tractament de dades personals i a la lliure circulaci\u00f3 d&#8217;aquestes dades (Reglament General de Protecci\u00f3 de Dades &#8211; RGPD). De la mateixa manera, LA CLINICA podr\u00e0 obtenir dades de car\u00e0cter personal originats per la seva navegaci\u00f3 i\/o \u00fas del Web.<\/p>\n<p>9.3. Preguem que llegeixi atentament els textos legals abans de facilitar les seves dades de car\u00e0cter personal.<\/p>\n<h2>10.\u00a0 Llei i Jurisdicci\u00f3.<\/h2>\n<p>Totes les q\u00fcestions que se suscitin entre LA CLINICA i l&#8217;usuari relatives a la interpretaci\u00f3, compliment i validesa del present Av\u00eds Legal es regiran per les seves pr\u00f2pies cl\u00e0usules i, en el que en elles no estigu\u00e9s previst, d&#8217;acord amb la legislaci\u00f3 espanyola, sotmetent-se expressament les parts a la jurisdicci\u00f3 dels Jutjats i Tribunals del domicili de la CLINICA.[\/vc_column_text][vc_empty_space height=&#8221;50px&#8221;][\/vc_column][\/vc_row]<\/p>\n<\/div>","protected":false},"excerpt":{"rendered":"<p>[vc_row css_animation=&#8221;&#8221; row_type=&#8221;row&#8221; use_row_as_full_screen_section=&#8221;no&#8221; type=&#8221;full_width&#8221; angled_section=&#8221;no&#8221; text_align=&#8221;left&#8221; background_image_as_pattern=&#8221;without_pattern&#8221;][vc_column][vc_single_image image=&#8221;2741&#8243; img_size=&#8221;full&#8221; alignment=&#8221;center&#8221; qode_css_animation=&#8221;&#8221;][\/vc_column][\/vc_row][vc_row css_animation=&#8221;&#8221; row_type=&#8221;row&#8221; use_row_as_full_screen_section=&#8221;no&#8221; type=&#8221;grid&#8221; angled_section=&#8221;no&#8221; text_align=&#8221;left&#8221; background_image_as_pattern=&#8221;without_pattern&#8221; z_index=&#8221;&#8221;][vc_column][vc_empty_space height=&#8221;50px&#8221;][vc_column_text] Av\u00eds Legal [\/vc_column_text][vc_empty_space height=&#8221;50px&#8221;][vc_column_text] 1. Dades identificatives. En compliment amb el deure d\u2019informaci\u00f3 que es recull a l\u2019article 10 de la Llei 34\/2002 de&#8230;<\/p>\n","protected":false},"author":3,"featured_media":2731,"parent":0,"menu_order":0,"comment_status":"closed","ping_status":"closed","template":"full_width.php","meta":{"footnotes":""},"class_list":["post-2740","page","type-page","status-publish","has-post-thumbnail","hentry"],"_links":{"self":[{"href":"https:\/\/clinicasden.com\/ca\/wp-json\/wp\/v2\/pages\/2740","targetHints":{"allow":["GET"]}}],"collection":[{"href":"https:\/\/clinicasden.com\/ca\/wp-json\/wp\/v2\/pages"}],"about":[{"href":"https:\/\/clinicasden.com\/ca\/wp-json\/wp\/v2\/types\/page"}],"author":[{"embeddable":true,"href":"https:\/\/clinicasden.com\/ca\/wp-json\/wp\/v2\/users\/3"}],"replies":[{"embeddable":true,"href":"https:\/\/clinicasden.com\/ca\/wp-json\/wp\/v2\/comments?post=2740"}],"version-history":[{"count":0,"href":"https:\/\/clinicasden.com\/ca\/wp-json\/wp\/v2\/pages\/2740\/revisions"}],"wp:featuredmedia":[{"embeddable":true,"href":"https:\/\/clinicasden.com\/ca\/wp-json\/wp\/v2\/media\/2731"}],"wp:attachment":[{"href":"https:\/\/clinicasden.com\/ca\/wp-json\/wp\/v2\/media?parent=2740"}],"curies":[{"name":"wp","href":"https:\/\/api.w.org\/{rel}","templated":true}]}}