{"id":3109,"date":"2019-10-19T19:02:51","date_gmt":"2019-10-19T17:02:51","guid":{"rendered":"https:\/\/clinicasden.com\/aviso-legal\/"},"modified":"2021-07-27T10:09:29","modified_gmt":"2021-07-27T08:09:29","slug":"legal-advice","status":"publish","type":"page","link":"https:\/\/clinicasden.com\/en\/legal-advice\/","title":{"rendered":"Legal Advice"},"content":{"rendered":"<div class=\"wpb-content-wrapper\"><p>[vc_row css_animation=&#8221;&#8221; row_type=&#8221;row&#8221; use_row_as_full_screen_section=&#8221;no&#8221; type=&#8221;full_width&#8221; angled_section=&#8221;no&#8221; text_align=&#8221;left&#8221; background_image_as_pattern=&#8221;without_pattern&#8221;][vc_column][vc_single_image image=&#8221;3110&#8243; img_size=&#8221;full&#8221; alignment=&#8221;center&#8221; qode_css_animation=&#8221;&#8221;][\/vc_column][\/vc_row][vc_row css_animation=&#8221;&#8221; row_type=&#8221;row&#8221; use_row_as_full_screen_section=&#8221;no&#8221; type=&#8221;grid&#8221; angled_section=&#8221;no&#8221; text_align=&#8221;left&#8221; background_image_as_pattern=&#8221;without_pattern&#8221; z_index=&#8221;&#8221;][vc_column][vc_empty_space height=&#8221;50px&#8221;][vc_column_text]<\/p>\n<h1 style=\"text-align: center;\">Legal Advice<\/h1>\n<p>[\/vc_column_text][vc_empty_space height=&#8221;50px&#8221;][vc_column_text]<\/p>\n<h2>1. Datos identificativos<\/h2>\n<p>En cumplimiento con el deber de informaci\u00f3n recogido en el art\u00edculo 10 de la Ley 34\/2002 de 11 de julio, de Servicios de la Sociedad de la Informaci\u00f3n y del Comercio Electr\u00f3nico, a continuaci\u00f3n se reflejan los siguientes datos:<\/p>\n<p>La empresa titular del dominio web es <strong>ORTHO DOCTORS S.L.<\/strong> con CIF <strong>B63482871<\/strong> y con direcci\u00f3n a estos efectos en <strong>V\u00eda Augusta, 28, 08006 Barcelona<\/strong> en adelante <strong>LA CL\u00cdNICA<\/strong>.<\/p>\n<h2>2. Aceptaci\u00f3n del Usuario<\/h2>\n<p>Este Aviso Legal regula el acceso y utilizaci\u00f3n de la p\u00e1gina web \u00a0(en adelante la \u201cWeb\u201d) que <strong>LA CL\u00cdNICA<\/strong> pone a disposici\u00f3n de los usuarios de Internet. Se entiende por usuario la persona que acceda, navegue, utilice o participe en los servicios y actividades de la Web. El acceso y navegaci\u00f3n de un usuario por la Web implica la aceptaci\u00f3n sin reservas del presente Aviso Legal. <strong>LA CL\u00cdNICA<\/strong> puede ofrecer a trav\u00e9s de la p\u00e1gina web servicios que podr\u00e1n encontrarse sometidos a unas condiciones particulares propias sobre las cuales se informar\u00e1 al Usuario en cada caso concreto.<\/p>\n<h2>3. Utilizaci\u00f3n de la web.<\/h2>\n<p>3.1 El usuario se compromete a utilizar la Web, los contenidos y servicios de conformidad con la Ley, el presente Aviso Legal, las buenas costumbres y el orden p\u00fablico. Del mismo modo el Usuario se obliga a no utilizar la Web o los servicios que se presten a trav\u00e9s de \u00e9l con fines o efectos il\u00edcitos o contrarios al contenido del presente Aviso Legal, lesivos de los intereses o derechos de terceros, o que de cualquier forma pueda da\u00f1ar, inutilizar o deteriorar la Web o sus servicios o impedir un normal disfrute de la Web por otros Usuarios.<\/p>\n<p>3.2 El usuario se compromete expresamente a no destruir, alterar, inutilizar o, de cualquier otra forma, da\u00f1ar los datos, programas o documentos electr\u00f3nicos y dem\u00e1s que se encuentren en la Web.<\/p>\n<p>3.3 El usuario se compromete a no obstaculizar el acceso a otros usuarios al servicio de acceso mediante el consumo masivo de los recursos inform\u00e1ticos a trav\u00e9s de los cuales <strong>LA CL\u00cdNICA<\/strong> presta el servicio, as\u00ed como realizar acciones que da\u00f1en, interrumpan o generen errores en dichos sistemas o servicios.<\/p>\n<p>3.4 El usuario se compromete a no introducir programas, virus, macros, applets, controles ActiveX o cualquier otro dispositivo l\u00f3gico o secuencia de caracteres que causen o sean susceptibles de causar cualquier tipo de alteraci\u00f3n en los sistemas inform\u00e1ticos de <strong>LA CL\u00cdNICA<\/strong> o de terceros.<\/p>\n<p>3.5 El usuario se compromete a no obtener informaciones, mensajes, gr\u00e1ficos, dibujos, archivos de sonido y\/o imagen, fotograf\u00edas, grabaciones, software y en general, cualquier clase de material accesible a trav\u00e9s de la Web o de los servicios ofrecidos en el mismo.<\/p>\n<p>3.6 Se entiende que el acceso o utilizaci\u00f3n de la Web por parte del usuario implica la aceptaci\u00f3n por \u00e9ste del Aviso Legal que <strong>LA CL\u00cdNICA<\/strong> tenga publicado en el momento del acceso, el cual estar\u00e1 siempre disponible para los usuarios.<\/p>\n<p>3.7 El usuario se compromete a hacer un uso adecuado de los contenidos y servicios que <strong>LA CL\u00cdNICA<\/strong> ofrece en su sede Web y a no emplearlos para incurrir en actividades il\u00edcitas o contrarias a la buena fe y al ordenamiento legal; difundir contenidos o propaganda de car\u00e1cter racista, xen\u00f3fobo, pornogr\u00e1fico-ilegal, de apolog\u00eda del terrorismo o atentatorio contra los derechos humanos.<\/p>\n<h2>4. Acceso a la web<\/h2>\n<p>4.1 El acceso a la Web por parte de los usuarios tiene car\u00e1cter libre y gratuito<\/p>\n<p>4.2 Cuando sea necesario que el usuario se registre o aporte datos personales para poder acceder a alguno de los servicios, la recogida y el tratamiento de los datos personales de los usuarios ser\u00e1 de aplicaci\u00f3n lo dispuesto en el apartado 9 de este Aviso Legal.<\/p>\n<p>4.3 Queda prohibida la contrataci\u00f3n de productos o servicios a trav\u00e9s de la Web por parte de menores de edad, debiendo obtener debidamente y con anterioridad, el consentimiento de sus padres, tutores o representantes legales, los cuales ser\u00e1n considerados como responsables de los actos que lleven a cabo los menores a su cargo.<\/p>\n<p>4.4 Si para la utilizaci\u00f3n de un servicio en la Web, el usuario debiera proceder a su registro, \u00e9ste ser\u00e1 responsable de aportar informaci\u00f3n veraz y l\u00edcita.<\/p>\n<h2>5. Modificaciones Aviso Legal<\/h2>\n<p><strong>LA CL\u00cdNICA<\/strong> se reserva expresamente el derecho a modificar el presente Aviso Legal. El usuario reconoce y acepta que es su responsabilidad revisar la Web y el presente Aviso Legal.<\/p>\n<h2>6. Acceso a la web<\/h2>\n<p>6.1. <strong>LA CL\u00cdNICA<\/strong> se compromete a realizar sus mejores esfuerzos para evitar cualquier error en los contenidos que pudieran aparecer en la Web. En cualquier caso, <strong>LA CL\u00cdNICA<\/strong> estar\u00e1 exenta de cualquier responsabilidad derivada de eventuales errores en los contenidos que pudieran aparecer en la Web, siempre que no le sean imputables.<\/p>\n<p>6.2 <strong>LA COMPA\u00d1\u00cdA<\/strong> no garantiza que la Web y el servidor est\u00e9n libres de virus y no se hace responsable de los posibles da\u00f1os o perjuicios que se puedan derivar de interferencias, omisiones, interrupciones, virus inform\u00e1ticos, aver\u00edas telef\u00f3nicas o desconexiones en el funcionamiento operativo de este sistema electr\u00f3nico, motivado por causas ajenas a <strong>LA CL\u00cdNICA<\/strong>, de retrasos o bloqueos en el uso de este sistema electr\u00f3nico causados por deficiencias de l\u00edneas telef\u00f3nicas o sobrecargas en el sistema de Internet o en otros sistemas electr\u00f3nicos, as\u00ed como tambi\u00e9n de da\u00f1os que puedan ser causados por terceras personas mediante intromisiones ileg\u00edtimas fuera del control de <strong>LA CL\u00cdNICA<\/strong>.<\/p>\n<h2>7. Limitaci\u00f3n de Garant\u00edas y Responsabilidades<\/h2>\n<p>7.1 Todos los derechos de Propiedad Industrial e Intelectual de la Web\u00a0 y de sus contenidos (textos, im\u00e1genes, sonidos, audio, v\u00eddeo, dise\u00f1os, creatividades, software) pertenecen, como autor de obra colectiva o como cesionaria, a <strong>LA CL\u00cdNICA<\/strong> o, en su caso, a terceras personas.<\/p>\n<p>7.2 Quedan expresamente prohibidas la reproducci\u00f3n, la distribuci\u00f3n y la comunicaci\u00f3n p\u00fablica, incluida su modalidad de puesta a disposici\u00f3n, de la totalidad o parte de los contenidos de esta p\u00e1gina Web, con cualquier fin, en cualquier soporte y por cualquier medio t\u00e9cnico, sin la autorizaci\u00f3n de <strong>LA CL\u00cdNICA<\/strong>. El usuario se compromete a respetar los derechos de Propiedad Industrial e Intelectual titularidad de <strong>LA CL\u00cdNICA<\/strong> y de terceros.<\/p>\n<p>7.3 A los efectos de lo previsto en el art\u00edculo 32.1 del Texto Refundido de la Ley de Propiedad Intelectual, <strong>LA CL\u00cdNICA<\/strong> se opone expresamente a la utilizaci\u00f3n de cualesquiera contenidos de este portal web con la finalidad de realizar rese\u00f1as con fines comerciales sin contar con la previa autorizaci\u00f3n de <strong>LA CL\u00cdNICA<\/strong>.<\/p>\n<p>7.4 El usuario puede visualizar todos los elementos, imprimirlos, copiarlos y almacenarlos en el disco duro de su ordenador o en cualquier otro soporte f\u00edsico siempre y cuando sea, \u00fanica y exclusivamente, para su uso personal y privado, quedando, por tanto, terminantemente prohibida su utilizaci\u00f3n con otros fines, su distribuci\u00f3n, as\u00ed como su modificaci\u00f3n, alteraci\u00f3n o descompilaci\u00f3n.<\/p>\n<p>7.5 <strong>LA CL\u00cdNICA<\/strong> proporciona el acceso a todo tipo de informaciones, servicios, programas o datos en Internet que pueden pertenecer a terceras personas, en cuyo caso <strong>LA CL\u00cdNICA <\/strong>no se hace responsable de dichos contenidos ni de cuantas reclamaciones puedan derivarse de la calidad, fiabilidad, exactitud o correcci\u00f3n de los mismos.<\/p>\n<h2>8. Enlaces de Terceros<\/h2>\n<p>8.1 En el supuesto de que en la Web se dispusieran enlaces o hiperv\u00ednculos hacia otros lugares de Internet, <strong>LA CL\u00cdNICA<\/strong> no ejercer\u00e1 ning\u00fan tipo de control sobre estos lugares y contenidos. En ning\u00fan caso <strong>LA CL\u00cdNICA<\/strong> asumir\u00e1 responsabilidad alguna por los contenidos de alg\u00fan enlace perteneciente a un lugar Web ajeno, ni garantizar\u00e1 la disponibilidad t\u00e9cnica, calidad, fiabilidad, exactitud, amplitud, veracidad, validez y constitucionalidad de cualquier material o informaci\u00f3n contenida en cabeza de los hiperv\u00ednculos u otros lugares de Internet.<\/p>\n<p>8.2 Estos enlaces se proporcionan \u00fanicamente para informar al Usuario sobre la existencia de otras fuentes de informaci\u00f3n sobre un tema concreto, y la inclusi\u00f3n de un enlace no implica la aprobaci\u00f3n de la p\u00e1gina web enlazada por parte de <strong>LA CL\u00cdNICA<\/strong>.<\/p>\n<p>8.3 <strong>LA CL\u00cdNICA<\/strong> tan s\u00f3lo autoriza menciones a sus contenidos en otras sedes Web, con el tratamiento que \u00e9stas consideren siempre que sea respetuoso, cumpla la legislaci\u00f3n vigente y en ning\u00fan caso reproduzcan, sin la debida autorizaci\u00f3n, los contenidos de <strong>LA CL\u00cdNICA<\/strong>.<\/p>\n<h2>9. Protecci\u00f3n de Datos Personales<\/h2>\n<p>9.1 <strong>LA CL\u00cdNICA<\/strong> adopta las medidas t\u00e9cnicas y organizativas necesarias para garantizar la protecci\u00f3n de los datos de car\u00e1cter personal y evitar su alteraci\u00f3n, p\u00e9rdida, tratamiento y\/o acceso no autorizado, habida cuenta del estado de la t\u00e9cnica, la naturaleza de los datos almacenados y los riesgos a que est\u00e1n expuestos, todo ello, conforme a lo establecido por la legislaci\u00f3n espa\u00f1ola y europea de Protecci\u00f3n de Datos de Car\u00e1cter Personal.<\/p>\n<p>9.2 El usuario podr\u00e1 proporcionar a <strong>LA CL\u00cdNICA<\/strong> sus datos de car\u00e1cter personal a trav\u00e9s de los distintos formularios que a tal efecto aparecen en la Web. Dichos formularios incorporan un texto legal en materia de protecci\u00f3n de datos personales que da cumplimiento a las exigencias establecidas en el <strong>REGLAMENTO<\/strong> (UE) 2016\/679 del Parlamento Europeo y del Consejo de 27 de abril de 2016 relativo a la protecci\u00f3n de las personas f\u00edsicas en lo que respecta al tratamiento de datos personales y a la libre circulaci\u00f3n de estos datos (Reglamento General de Protecci\u00f3n de Datos &#8211; RGPD). Del mismo modo, <strong>LA CL\u00cdNICA<\/strong> podr\u00e1 obtener datos de car\u00e1cter personal originados por su navegaci\u00f3n y\/o uso de la Web.<\/p>\n<p>9.3 Rogamos lea atentamente los textos legales antes de facilitar sus datos de car\u00e1cter personal.<\/p>\n<h2>10. Ley y Jurisdicci\u00f3n<\/h2>\n<p>Todas las cuestiones que se susciten entre <strong>LA CL\u00cdNICA<\/strong> y el usuario relativas a la interpretaci\u00f3n, cumplimiento y validez del presente Aviso Legal se regir\u00e1n por sus propias cl\u00e1usulas y, en lo que en ellas no estuviere previsto, de acuerdo con la legislaci\u00f3n espa\u00f1ola, someti\u00e9ndose expresamente las partes a la jurisdicci\u00f3n de los Juzgados y Tribunales del domicilio de <strong>LA CL\u00cdNICA<\/strong>.[\/vc_column_text][vc_empty_space height=&#8221;50px&#8221;][\/vc_column][\/vc_row]<\/p>\n<\/div>","protected":false},"excerpt":{"rendered":"<p>[vc_row css_animation=&#8221;&#8221; row_type=&#8221;row&#8221; use_row_as_full_screen_section=&#8221;no&#8221; type=&#8221;full_width&#8221; angled_section=&#8221;no&#8221; text_align=&#8221;left&#8221; background_image_as_pattern=&#8221;without_pattern&#8221;][vc_column][vc_single_image image=&#8221;3110&#8243; img_size=&#8221;full&#8221; alignment=&#8221;center&#8221; qode_css_animation=&#8221;&#8221;][\/vc_column][\/vc_row][vc_row css_animation=&#8221;&#8221; row_type=&#8221;row&#8221; use_row_as_full_screen_section=&#8221;no&#8221; type=&#8221;grid&#8221; angled_section=&#8221;no&#8221; text_align=&#8221;left&#8221; background_image_as_pattern=&#8221;without_pattern&#8221; z_index=&#8221;&#8221;][vc_column][vc_empty_space height=&#8221;50px&#8221;][vc_column_text] Legal Advice [\/vc_column_text][vc_empty_space height=&#8221;50px&#8221;][vc_column_text] 1. Datos identificativos En cumplimiento con el deber de informaci\u00f3n recogido en el art\u00edculo 10 de la Ley 34\/2002 de&#8230;<\/p>\n","protected":false},"author":3,"featured_media":2207,"parent":0,"menu_order":0,"comment_status":"closed","ping_status":"closed","template":"full_width.php","meta":{"footnotes":""},"class_list":["post-3109","page","type-page","status-publish","has-post-thumbnail","hentry"],"_links":{"self":[{"href":"https:\/\/clinicasden.com\/en\/wp-json\/wp\/v2\/pages\/3109","targetHints":{"allow":["GET"]}}],"collection":[{"href":"https:\/\/clinicasden.com\/en\/wp-json\/wp\/v2\/pages"}],"about":[{"href":"https:\/\/clinicasden.com\/en\/wp-json\/wp\/v2\/types\/page"}],"author":[{"embeddable":true,"href":"https:\/\/clinicasden.com\/en\/wp-json\/wp\/v2\/users\/3"}],"replies":[{"embeddable":true,"href":"https:\/\/clinicasden.com\/en\/wp-json\/wp\/v2\/comments?post=3109"}],"version-history":[{"count":0,"href":"https:\/\/clinicasden.com\/en\/wp-json\/wp\/v2\/pages\/3109\/revisions"}],"wp:featuredmedia":[{"embeddable":true,"href":"https:\/\/clinicasden.com\/en\/wp-json\/wp\/v2\/media\/2207"}],"wp:attachment":[{"href":"https:\/\/clinicasden.com\/en\/wp-json\/wp\/v2\/media?parent=3109"}],"curies":[{"name":"wp","href":"https:\/\/api.w.org\/{rel}","templated":true}]}}